{"id":7431,"date":"2019-03-07T17:59:57","date_gmt":"2019-03-07T17:59:57","guid":{"rendered":"https:\/\/www.crobel.pt\/?page_id=7431"},"modified":"2020-09-04T14:36:15","modified_gmt":"2020-09-04T14:36:15","slug":"areas-de-atuacao-trabalho","status":"publish","type":"page","link":"https:\/\/www.crobel.pt\/?page_id=7431","title":{"rendered":"\u00c1reas de Atua\u00e7\u00e3o"},"content":{"rendered":"<p>[vc_row][vc_column][rev_slider_vc alias=&#8221;areas-de-atuacao&#8221;][\/vc_column][\/vc_row][vc_row][vc_column css=&#8221;.vc_custom_1449850892983{margin-top: 50px !important;margin-bottom: 50px !important;}&#8221;][vc_column_text]<\/p>\n<h5><span class=\"uppercase wpb_heading\">\u00c1reas de Actua\u00e7\u00e3o<\/span><\/h5>\n<p>[\/vc_column_text][\/vc_column][\/vc_row][vc_row][vc_column width=&#8221;1\/3&#8243;][vc_tta_accordion c_align=&#8221;center&#8221; active_section=&#8221;0&#8243; collapsible_all=&#8221;true&#8221;][vc_tta_section title=&#8221;Alimentar&#8221; tab_id=&#8221;1599229228962-9ab32f2a-1b4f&#8221;][vc_single_image image=&#8221;7325&#8243; img_size=&#8221;full&#8221; alignment=&#8221;center&#8221;][\/vc_tta_section][\/vc_tta_accordion][\/vc_column][vc_column width=&#8221;1\/3&#8243;][vc_tta_accordion c_align=&#8221;center&#8221; active_section=&#8221;0&#8243; collapsible_all=&#8221;true&#8221;][vc_tta_section title=&#8221;Farmac\u00eautico&#8221; tab_id=&#8221;1599229498729-16025e2a-d228&#8243;][vc_single_image image=&#8221;7128&#8243; img_size=&#8221;full&#8221; alignment=&#8221;center&#8221;][\/vc_tta_section][\/vc_tta_accordion][\/vc_column][vc_column width=&#8221;1\/3&#8243;][vc_tta_accordion c_align=&#8221;center&#8221; active_section=&#8221;0&#8243; collapsible_all=&#8221;true&#8221;][vc_tta_section title=&#8221;Produtos Qu\u00edmicos&#8221; tab_id=&#8221;1599229545133-d00538e7-e4d6&#8243;][vc_single_image image=&#8221;7126&#8243; img_size=&#8221;full&#8221; alignment=&#8221;center&#8221;][\/vc_tta_section][\/vc_tta_accordion][\/vc_column][\/vc_row][vc_row][vc_column width=&#8221;1\/3&#8243;][vc_tta_accordion c_align=&#8221;center&#8221; active_section=&#8221;0&#8243; collapsible_all=&#8221;true&#8221;][vc_tta_section title=&#8221;Vin\u00edcola&#8221; tab_id=&#8221;1599229659362-afb4966c-0520&#8243;][vc_single_image image=&#8221;6726&#8243; img_size=&#8221;full&#8221; alignment=&#8221;center&#8221;][\/vc_tta_section][\/vc_tta_accordion][\/vc_column][vc_column width=&#8221;1\/3&#8243;][vc_tta_accordion c_align=&#8221;center&#8221; active_section=&#8221;0&#8243; collapsible_all=&#8221;true&#8221;][vc_tta_section title=&#8221;Textil&#8221; tab_id=&#8221;1599229659497-dd9a87d9-64ee&#8221;][vc_single_image image=&#8221;6730&#8243; img_size=&#8221;full&#8221; alignment=&#8221;center&#8221;][\/vc_tta_section][\/vc_tta_accordion][\/vc_column][vc_column width=&#8221;1\/3&#8243;][vc_tta_accordion c_align=&#8221;center&#8221; active_section=&#8221;0&#8243; collapsible_all=&#8221;true&#8221;][vc_tta_section title=&#8221;Log\u00edstico&#8221; tab_id=&#8221;1599229659646-ad18d942-447e&#8221;][vc_single_image image=&#8221;6971&#8243; img_size=&#8221;full&#8221; alignment=&#8221;center&#8221;][\/vc_tta_section][\/vc_tta_accordion][\/vc_column][\/vc_row][vc_row][vc_column width=&#8221;1\/3&#8243;][vc_tta_accordion c_align=&#8221;center&#8221; active_section=&#8221;0&#8243; collapsible_all=&#8221;true&#8221;][vc_tta_section title=&#8221;Puericultura&#8221; tab_id=&#8221;1599229797273-66996d6b-6607&#8243;][vc_single_image image=&#8221;7134&#8243; img_size=&#8221;full&#8221; alignment=&#8221;center&#8221;][\/vc_tta_section][\/vc_tta_accordion][\/vc_column][vc_column width=&#8221;1\/3&#8243;][vc_tta_accordion c_align=&#8221;center&#8221; active_section=&#8221;0&#8243; collapsible_all=&#8221;true&#8221;][vc_tta_section title=&#8221;Cer\u00e2mica&#8221; tab_id=&#8221;1599229797416-413ce0e9-94f5&#8243;][vc_single_image image=&#8221;6965&#8243; img_size=&#8221;full&#8221; alignment=&#8221;center&#8221;][\/vc_tta_section][\/vc_tta_accordion][\/vc_column][vc_column width=&#8221;1\/3&#8243;][vc_tta_accordion c_align=&#8221;center&#8221; active_section=&#8221;0&#8243; collapsible_all=&#8221;true&#8221;][vc_tta_section title=&#8221;Cosm\u00e9tica&#8221; tab_id=&#8221;1599229797562-0d3cf8a8-3c3a&#8221;][vc_single_image image=&#8221;7132&#8243; img_size=&#8221;full&#8221; alignment=&#8221;center&#8221;][\/vc_tta_section][\/vc_tta_accordion][\/vc_column][\/vc_row][vc_row full_height=&#8221;yes&#8221; css=&#8221;.vc_custom_1464876345688{margin-top: 30px !important;margin-bottom: 30px !important;}&#8221;][vc_column][vc_separator][vc_cta_button call_text=&#8221;Gostaria de obter mais informa\u00e7\u00f5es sobre os nossos produtos?&#8221; call_text_secondary=&#8221;Saiba como o podemos ajudar.&#8221; title=&#8221;Contacte-nos&#8221; color=&#8221;wpb_button&#8221; href=&#8221;https:\/\/crobel.pt\/contactos\/&#8221;][\/vc_column][\/vc_row]<\/p>\n<div class=\"row\">\n<div class=\"large-12 columns after-content-output\">\n","protected":false},"excerpt":{"rendered":"<p>[vc_row][vc_column][rev_slider_vc alias=&#8221;areas-de-atuacao&#8221;][\/vc_column][\/vc_row][vc_row][vc_column css=&#8221;.vc_custom_1449850892983{margin-top: 50px !important;margin-bottom: 50px !important;}&#8221;][vc_column_text] \u00c1reas de Actua\u00e7\u00e3o [\/vc_column_text][\/vc_column][\/vc_row][vc_row][vc_column width=&#8221;1\/3&#8243;][vc_tta_accordion c_align=&#8221;center&#8221; active_section=&#8221;0&#8243; collapsible_all=&#8221;true&#8221;][vc_tta_section title=&#8221;Alimentar&#8221; tab_id=&#8221;1599229228962-9ab32f2a-1b4f&#8221;][vc_single_image image=&#8221;7325&#8243; img_size=&#8221;full&#8221; alignment=&#8221;center&#8221;][\/vc_tta_section][\/vc_tta_accordion][\/vc_column][vc_column width=&#8221;1\/3&#8243;][vc_tta_accordion c_align=&#8221;center&#8221; active_section=&#8221;0&#8243; collapsible_all=&#8221;true&#8221;][vc_tta_section title=&#8221;Farmac\u00eautico&#8221; tab_id=&#8221;1599229498729-16025e2a-d228&#8243;][vc_single_image image=&#8221;7128&#8243; img_size=&#8221;full&#8221; alignment=&#8221;center&#8221;][\/vc_tta_section][\/vc_tta_accordion][\/vc_column][vc_column width=&#8221;1\/3&#8243;][vc_tta_accordion c_align=&#8221;center&#8221; active_section=&#8221;0&#8243; collapsible_all=&#8221;true&#8221;][vc_tta_section title=&#8221;Produtos Qu\u00edmicos&#8221; tab_id=&#8221;1599229545133-d00538e7-e4d6&#8243;][vc_single_image image=&#8221;7126&#8243; img_size=&#8221;full&#8221; alignment=&#8221;center&#8221;][\/vc_tta_section][\/vc_tta_accordion][\/vc_column][\/vc_row][vc_row][vc_column width=&#8221;1\/3&#8243;][vc_tta_accordion c_align=&#8221;center&#8221; active_section=&#8221;0&#8243; collapsible_all=&#8221;true&#8221;][vc_tta_section title=&#8221;Vin\u00edcola&#8221; tab_id=&#8221;1599229659362-afb4966c-0520&#8243;][vc_single_image image=&#8221;6726&#8243; img_size=&#8221;full&#8221; alignment=&#8221;center&#8221;][\/vc_tta_section][\/vc_tta_accordion][\/vc_column][vc_column width=&#8221;1\/3&#8243;][vc_tta_accordion c_align=&#8221;center&#8221; active_section=&#8221;0&#8243; collapsible_all=&#8221;true&#8221;][vc_tta_section title=&#8221;Textil&#8221; tab_id=&#8221;1599229659497-dd9a87d9-64ee&#8221;][vc_single_image image=&#8221;6730&#8243; img_size=&#8221;full&#8221; alignment=&#8221;center&#8221;][\/vc_tta_section][\/vc_tta_accordion][\/vc_column][vc_column width=&#8221;1\/3&#8243;][vc_tta_accordion c_align=&#8221;center&#8221; active_section=&#8221;0&#8243; [&#8230;]<\/p>\n","protected":false},"author":6,"featured_media":0,"parent":0,"menu_order":0,"comment_status":"closed","ping_status":"closed","template":"","meta":{"footnotes":""},"class_list":["post-7431","page","type-page","status-publish","hentry"],"_links":{"self":[{"href":"https:\/\/www.crobel.pt\/index.php?rest_route=\/wp\/v2\/pages\/7431"}],"collection":[{"href":"https:\/\/www.crobel.pt\/index.php?rest_route=\/wp\/v2\/pages"}],"about":[{"href":"https:\/\/www.crobel.pt\/index.php?rest_route=\/wp\/v2\/types\/page"}],"author":[{"embeddable":true,"href":"https:\/\/www.crobel.pt\/index.php?rest_route=\/wp\/v2\/users\/6"}],"replies":[{"embeddable":true,"href":"https:\/\/www.crobel.pt\/index.php?rest_route=%2Fwp%2Fv2%2Fcomments&post=7431"}],"version-history":[{"count":66,"href":"https:\/\/www.crobel.pt\/index.php?rest_route=\/wp\/v2\/pages\/7431\/revisions"}],"predecessor-version":[{"id":7619,"href":"https:\/\/www.crobel.pt\/index.php?rest_route=\/wp\/v2\/pages\/7431\/revisions\/7619"}],"wp:attachment":[{"href":"https:\/\/www.crobel.pt\/index.php?rest_route=%2Fwp%2Fv2%2Fmedia&parent=7431"}],"curies":[{"name":"wp","href":"https:\/\/api.w.org\/{rel}","templated":true}]}}