{"id":3928,"date":"2013-10-29T10:50:04","date_gmt":"2013-10-29T10:50:04","guid":{"rendered":"http:\/\/salbii.com\/?page_id=3928"},"modified":"2022-11-12T08:59:53","modified_gmt":"2022-11-12T08:59:53","slug":"contactos","status":"publish","type":"page","link":"https:\/\/www.crobel.pt\/?page_id=3928","title":{"rendered":"Contactos"},"content":{"rendered":"<p>[vc_row expand=&#8221;expand&#8221; bg_position_x=&#8221;center&#8221; bg_position_y=&#8221;top&#8221; bg_repeat=&#8221;no-repeat&#8221; bg_size=&#8221;cover&#8221; el_class=&#8221;extended-row margin-top_-10px margin-bottom_0px &#8221; el_top_margin=&#8221;margin-top_-10px&#8221; el_bottom_margin=&#8221;margin-bottom_0px&#8221;][vc_column][vc_gmaps link=&#8221;#E-8_JTNDaWZyYW1lJTIwc3JjJTNEJTIyaHR0cHMlM0ElMkYlMkZ3d3cuZ29vZ2xlLmNvbSUyRm1hcHMlMkZlbWJlZCUzRnBiJTNEJTIxMW0xOCUyMTFtMTIlMjExbTMlMjExZDI5OTEuODMzODI2MzAxODQ5JTIxMmQtOC4zMDMxNTc3NDg4MDkzNyUyMTNkNDEuNDIxMTI1Nzc5MTU5MzIlMjEybTMlMjExZjAlMjEyZjAlMjEzZjAlMjEzbTIlMjExaTEwMjQlMjEyaTc2OCUyMTRmMTMuMSUyMTNtMyUyMTFtMiUyMTFzMHhkMjRlZTJjZDQ4MWEwYTElMjUzQTB4ZWQ0ZWRjODcwZTQxNTQwMyUyMTJzUi4lMkJBbnQlMjVDMyUyNUIzbmlvJTJCZGElMkJDb3N0YSUyQkd1aW1hciUyNUMzJTI1QTNlcyUyQjMyMjklMjUyQyUyQjQ4MTAtNDkxJTJCR3VpbWFyJTI1QzMlMjVBM2VzJTIxNWUwJTIxM20yJTIxMXNwdC1QVCUyMTJzcHQlMjE0djE0ODA1MDU4OTM2NTglMjIlMjB3aWR0aCUzRCUyMjYwMCUyMiUyMGhlaWdodCUzRCUyMjQ1MCUyMiUyMGZyYW1lYm9yZGVyJTNEJTIyMCUyMiUyMHN0eWxlJTNEJTIyYm9yZGVyJTNBMCUyMiUyMGFsbG93ZnVsbHNjcmVlbiUzRSUzQyUyRmlmcmFtZSUzRQ==&#8221; size=&#8221;505&#8243; type=&#8221;m&#8221; zoom=&#8221;14&#8243; bubble=&#8221;1&#8243; el_class=&#8221; margin-right_-5px margin-bottom_-5px margin-left_-5px&#8221; el_right_margin=&#8221;margin-right_-5px&#8221; el_left_margin=&#8221;margin-left_-5px&#8221; el_bottom_margin=&#8221;margin-bottom_-5px&#8221;][\/vc_column][\/vc_row][vc_row bg_position_x=&#8221;center&#8221; bg_position_y=&#8221;top&#8221; bg_repeat=&#8221;no-repeat&#8221; bg_size=&#8221;cover&#8221; el_class=&#8221; margin-top_60px &#8221; el_top_margin=&#8221;margin-top_60px&#8221; bg_opacity=&#8221;.5&#8243;][vc_column width=&#8221;1\/2&#8243;][vc_iconbox icon_position=&#8221;icon-position__left&#8221; style=&#8221;icon-only&#8221; icon=&#8221;\ue012&#8221; color=&#8221;#a5bfdd&#8221; el_class=&#8221; margin-bottom_30px &#8221; el_bottom_margin=&#8221;margin-bottom_40px&#8221;][vc_column_text el_class=&#8221; margin-bottom_15px &#8221; el_bottom_margin=&#8221;margin-bottom_15px&#8221;]<\/p>\n<h3>Visite-nos<\/h3>\n<p>[\/vc_column_text][vc_column_text]Rua Ant\u00f3nio da Costa Guimar\u00e3es, n.\u00ba 3229<br \/>\nUrgeses<br \/>\n4810-491 Guimar\u00e3es[\/vc_column_text][\/vc_iconbox][vc_iconbox icon_position=&#8221;icon-position__left&#8221; style=&#8221;icon-only&#8221; icon=&#8221;\ue014&#8221; color=&#8221;#cadfaa&#8221; el_class=&#8221; margin-bottom_30px &#8220;][vc_column_text el_class=&#8221; margin-bottom_15px &#8221; el_bottom_margin=&#8221;margin-bottom_15px&#8221;]<\/p>\n<h3>Ligue-nos<\/h3>\n<p>[\/vc_column_text][vc_column_text]Telefone: +351 253 478 340<br \/>\n(Chamada para rede fixa nacional)[\/vc_column_text][\/vc_iconbox][vc_iconbox icon_position=&#8221;icon-position__left&#8221; style=&#8221;icon-only&#8221; icon=&#8221;\ue019&#8221; color=&#8221;#cadfaa&#8221;][vc_column_text el_class=&#8221; margin-bottom_15px &#8221; el_bottom_margin=&#8221;margin-bottom_15px&#8221;]<\/p>\n<h3>Contacte-nos<\/h3>\n<p>[\/vc_column_text][vc_column_text]<strong>Departamento Financeiro<\/strong><br \/>\n<a href=\"mailto:financeiro@crobel.pt\">financeiro@crobel.pt<\/a><\/p>\n<p><strong>Departamento Contabilidade<\/strong><br \/>\n<a href=\"mailto:financeiro@crobel.pt\">financeiro@crobel.pt<\/a><\/p>\n<p><strong>Departamento Encomendas<\/strong><br \/>\n<a href=\"mailto:encomendas@crobel.pt\">encomendas@crobel.pt<\/a><\/p>\n<p><strong>Departamento Comercial<\/strong><br \/>\n<a href=\"mailto:comercial@crobel.pt\">comercial@crobel.pt<\/a><\/p>\n<p><strong>Departamento Or\u00e7amenta\u00e7\u00e3o<\/strong><br \/>\n<a href=\"mailto:comercial@crobel.pt\">comercial@crobel.pt<\/a><\/p>\n<p><strong>Departamento Qualidade<\/strong><br \/>\n<a href=\"mailto:comercial@crobel.pt\">comercial@crobel.pt<\/a><\/p>\n<p><strong>Departamento Design<\/strong><br \/>\n<a href=\"mailto:desenho@crobel.pt\">desenho@crobel.pt<\/a>[\/vc_column_text][\/vc_iconbox][\/vc_column][vc_column width=&#8221;1\/2&#8243; el_class=&#8221; m-margin-top_60px m-margin-bottom_-60px&#8221;][vc_column_text el_class=&#8221; margin-bottom_15px &#8221; el_bottom_margin=&#8221;margin-bottom_15px&#8221;]<\/p>\n<h3 style=\"text-align: left;\">Preencha o formul\u00e1rio e esclarecemos as suas d\u00favidas<\/h3>\n<p>[\/vc_column_text][vc_empty_space height=&#8221;50&#8243;][vc_column_text]<\/p>\n<div class=\"caldera-grid\" id=\"caldera_form_1\" data-cf-ver=\"1.9.6\" data-cf-form-id=\"CF5c813a2c04469\"><div id=\"caldera_notices_1\" data-spinner=\"https:\/\/www.crobel.pt\/wp-admin\/images\/spinner.gif\"><\/div><form data-instance=\"1\" class=\"CF5c813a2c04469 caldera_forms_form cfajax-trigger\" method=\"POST\" enctype=\"multipart\/form-data\" id=\"CF5c813a2c04469_1\" data-form-id=\"CF5c813a2c04469\" aria-label=\"Contacto\" data-target=\"#caldera_notices_1\" data-template=\"#cfajax_CF5c813a2c04469-tmpl\" data-cfajax=\"CF5c813a2c04469\" data-load-element=\"_parent\" data-load-class=\"cf_processing\" data-post-disable=\"0\" data-action=\"cf_process_ajax_submit\" data-request=\"https:\/\/www.crobel.pt\/?cf_api=CF5c813a2c04469\" data-hiderows=\"true\">\r\n<input type=\"hidden\" id=\"_cf_verify_CF5c813a2c04469\" name=\"_cf_verify\" value=\"21b79b6ead\"  data-nonce-time=\"1776608706\" \/><input type=\"hidden\" name=\"_wp_http_referer\" value=\"\/index.php?rest_route=%2Fwp%2Fv2%2Fpages%2F3928\" \/><div id=\"cf2-CF5c813a2c04469_1\"><\/div><input type=\"hidden\" name=\"_cf_frm_id\" value=\"CF5c813a2c04469\">\r\n<input type=\"hidden\" name=\"_cf_frm_ct\" value=\"1\">\r\n<input type=\"hidden\" name=\"cfajax\" value=\"CF5c813a2c04469\">\r\n<input type=\"hidden\" name=\"_cf_cr_pst\" value=\"3928\">\r\n<div class=\"hide\" style=\"display:none; overflow:hidden;height:0;width:0;\">\r\n<label>Order Number<\/label><input type=\"text\" name=\"order_number\" value=\"\" autocomplete=\"off\">\r\n<\/div><div id=\"CF5c813a2c04469_1-row-1\"  class=\"row  first_row\"><div  class=\"col-sm-12  single\"><div data-field-wrapper=\"fld_8768091\" class=\"form-group\" id=\"fld_8768091_1-wrap\">\r\n\t<label id=\"fld_8768091Label\" for=\"fld_8768091_1\" class=\"control-label\">Nome <span aria-hidden=\"true\" role=\"presentation\" class=\"field_required\" style=\"color:#ee0000;\">*<\/span><\/label>\r\n\t<div class=\"\">\r\n\t\t<input   required type=\"text\" data-field=\"fld_8768091\" class=\" form-control\" id=\"fld_8768091_1\" name=\"fld_8768091\" value=\"\" data-type=\"text\" aria-required=\"true\"   aria-labelledby=\"fld_8768091Label\" >\t\t\t<\/div>\r\n<\/div>\r\n<div data-field-wrapper=\"fld_9970286\" class=\"form-group\" id=\"fld_9970286_1-wrap\">\r\n\t<label id=\"fld_9970286Label\" for=\"fld_9970286_1\" class=\"control-label\">Telefone <span aria-hidden=\"true\" role=\"presentation\" class=\"field_required\" style=\"color:#ee0000;\">*<\/span><\/label>\r\n\t<div class=\"\">\r\n\t\t<input  data-inputmask=\"'mask': '999 999 999'\"  required type=\"number\" data-field=\"fld_9970286\" class=\" form-control\" id=\"fld_9970286_1\" name=\"fld_9970286\" value=\"\" data-type=\"number\" data-parsley-type=\"number\" aria-required=\"true\"   aria-labelledby=\"fld_9970286Label\" >\t\t\t<\/div>\r\n<\/div>\r\n<div data-field-wrapper=\"fld_6009157\" class=\"form-group\" id=\"fld_6009157_1-wrap\">\r\n\t<label id=\"fld_6009157Label\" for=\"fld_6009157_1\" class=\"control-label\">Endere\u00e7o de email <span aria-hidden=\"true\" role=\"presentation\" class=\"field_required\" style=\"color:#ee0000;\">*<\/span><\/label>\r\n\t<div class=\"\">\r\n\t\t<input   required type=\"email\" data-field=\"fld_6009157\" class=\" form-control\" id=\"fld_6009157_1\" name=\"fld_6009157\" value=\"\" data-type=\"email\" aria-required=\"true\"   aria-labelledby=\"fld_6009157Label\" >\t\t\t<\/div>\r\n<\/div>\r\n<\/div><\/div><div id=\"CF5c813a2c04469_1-row-2\"  class=\"row \"><div  class=\"col-sm-12  single\"><div data-field-wrapper=\"fld_7683514\" class=\"form-group\" id=\"fld_7683514_1-wrap\">\r\n\t<label id=\"fld_7683514Label\" for=\"fld_7683514_1\" class=\"control-label\">Coment\u00e1rios \/ Quest\u00f5es <span aria-hidden=\"true\" role=\"presentation\" class=\"field_required\" style=\"color:#ee0000;\">*<\/span><\/label>\r\n\t<div class=\"\">\r\n\t\t<textarea name=\"fld_7683514\" value=\"\" data-field=\"fld_7683514\" class=\"form-control\" id=\"fld_7683514_1\" rows=\"9\"  required=\"required\"  aria-labelledby=\"fld_7683514Label\" ><\/textarea>\n\t\t\t<\/div>\r\n<\/div>\r\n<\/div><\/div><div id=\"CF5c813a2c04469_1-row-3\"  class=\"row \"><div  class=\"col-sm-12  single\"><\/div><\/div><div id=\"CF5c813a2c04469_1-row-4\"  class=\"row  last_row\"><div  class=\"col-sm-12  single\"><div data-field-wrapper=\"fld_7908577\" class=\"form-group\" id=\"fld_7908577_1-wrap\">\r\n<div class=\"\">\r\n\t<input  class=\"btn btn-default\" type=\"submit\" name=\"fld_7908577\" id=\"fld_7908577_1\" value=\"Enviar mensagem\" data-field=\"fld_7908577\"  >\n<\/div>\r\n<\/div>\r\n\t<input class=\"button_trigger_1\" type=\"hidden\" name=\"fld_7908577\" id=\"fld_7908577_1_btn\" value=\"\" data-field=\"fld_7908577\"  \/>\n<\/div><\/div><\/form>\r\n<\/div>\r\n\n<p>[\/vc_column_text][\/vc_column][\/vc_row]<\/p>\n<div class=\"row\">\n<div class=\"large-12 columns after-content-output\">\n","protected":false},"excerpt":{"rendered":"<p>[vc_row expand=&#8221;expand&#8221; bg_position_x=&#8221;center&#8221; bg_position_y=&#8221;top&#8221; bg_repeat=&#8221;no-repeat&#8221; bg_size=&#8221;cover&#8221; el_class=&#8221;extended-row margin-top_-10px margin-bottom_0px &#8221; el_top_margin=&#8221;margin-top_-10px&#8221; el_bottom_margin=&#8221;margin-bottom_0px&#8221;][vc_column][vc_gmaps link=&#8221;#E-8_JTNDaWZyYW1lJTIwc3JjJTNEJTIyaHR0cHMlM0ElMkYlMkZ3d3cuZ29vZ2xlLmNvbSUyRm1hcHMlMkZlbWJlZCUzRnBiJTNEJTIxMW0xOCUyMTFtMTIlMjExbTMlMjExZDI5OTEuODMzODI2MzAxODQ5JTIxMmQtOC4zMDMxNTc3NDg4MDkzNyUyMTNkNDEuNDIxMTI1Nzc5MTU5MzIlMjEybTMlMjExZjAlMjEyZjAlMjEzZjAlMjEzbTIlMjExaTEwMjQlMjEyaTc2OCUyMTRmMTMuMSUyMTNtMyUyMTFtMiUyMTFzMHhkMjRlZTJjZDQ4MWEwYTElMjUzQTB4ZWQ0ZWRjODcwZTQxNTQwMyUyMTJzUi4lMkJBbnQlMjVDMyUyNUIzbmlvJTJCZGElMkJDb3N0YSUyQkd1aW1hciUyNUMzJTI1QTNlcyUyQjMyMjklMjUyQyUyQjQ4MTAtNDkxJTJCR3VpbWFyJTI1QzMlMjVBM2VzJTIxNWUwJTIxM20yJTIxMXNwdC1QVCUyMTJzcHQlMjE0djE0ODA1MDU4OTM2NTglMjIlMjB3aWR0aCUzRCUyMjYwMCUyMiUyMGhlaWdodCUzRCUyMjQ1MCUyMiUyMGZyYW1lYm9yZGVyJTNEJTIyMCUyMiUyMHN0eWxlJTNEJTIyYm9yZGVyJTNBMCUyMiUyMGFsbG93ZnVsbHNjcmVlbiUzRSUzQyUyRmlmcmFtZSUzRQ==&#8221; size=&#8221;505&#8243; type=&#8221;m&#8221; zoom=&#8221;14&#8243; bubble=&#8221;1&#8243; el_class=&#8221; margin-right_-5px margin-bottom_-5px margin-left_-5px&#8221; el_right_margin=&#8221;margin-right_-5px&#8221; el_left_margin=&#8221;margin-left_-5px&#8221; el_bottom_margin=&#8221;margin-bottom_-5px&#8221;][\/vc_column][\/vc_row][vc_row bg_position_x=&#8221;center&#8221; bg_position_y=&#8221;top&#8221; bg_repeat=&#8221;no-repeat&#8221; bg_size=&#8221;cover&#8221; el_class=&#8221; margin-top_60px &#8221; el_top_margin=&#8221;margin-top_60px&#8221; bg_opacity=&#8221;.5&#8243;][vc_column width=&#8221;1\/2&#8243;][vc_iconbox icon_position=&#8221;icon-position__left&#8221; style=&#8221;icon-only&#8221; icon=&#8221;\ue012&#8221; color=&#8221;#a5bfdd&#8221; el_class=&#8221; margin-bottom_30px &#8221; el_bottom_margin=&#8221;margin-bottom_40px&#8221;][vc_column_text el_class=&#8221; margin-bottom_15px &#8221; el_bottom_margin=&#8221;margin-bottom_15px&#8221;] Visite-nos [\/vc_column_text][vc_column_text]Rua Ant\u00f3nio da Costa Guimar\u00e3es, n.\u00ba 3229 Urgeses 4810-491 Guimar\u00e3es[\/vc_column_text][\/vc_iconbox][vc_iconbox icon_position=&#8221;icon-position__left&#8221; style=&#8221;icon-only&#8221; icon=&#8221;\ue014&#8221; [&#8230;]<\/p>\n","protected":false},"author":6,"featured_media":0,"parent":0,"menu_order":0,"comment_status":"closed","ping_status":"closed","template":"","meta":{"footnotes":""},"class_list":["post-3928","page","type-page","status-publish","hentry"],"_links":{"self":[{"href":"https:\/\/www.crobel.pt\/index.php?rest_route=\/wp\/v2\/pages\/3928"}],"collection":[{"href":"https:\/\/www.crobel.pt\/index.php?rest_route=\/wp\/v2\/pages"}],"about":[{"href":"https:\/\/www.crobel.pt\/index.php?rest_route=\/wp\/v2\/types\/page"}],"author":[{"embeddable":true,"href":"https:\/\/www.crobel.pt\/index.php?rest_route=\/wp\/v2\/users\/6"}],"replies":[{"embeddable":true,"href":"https:\/\/www.crobel.pt\/index.php?rest_route=%2Fwp%2Fv2%2Fcomments&post=3928"}],"version-history":[{"count":38,"href":"https:\/\/www.crobel.pt\/index.php?rest_route=\/wp\/v2\/pages\/3928\/revisions"}],"predecessor-version":[{"id":7631,"href":"https:\/\/www.crobel.pt\/index.php?rest_route=\/wp\/v2\/pages\/3928\/revisions\/7631"}],"wp:attachment":[{"href":"https:\/\/www.crobel.pt\/index.php?rest_route=%2Fwp%2Fv2%2Fmedia&parent=3928"}],"curies":[{"name":"wp","href":"https:\/\/api.w.org\/{rel}","templated":true}]}}