{"id":3088,"date":"2013-10-16T12:00:26","date_gmt":"2013-10-16T12:00:26","guid":{"rendered":"http:\/\/salbii.com\/?page_id=3088"},"modified":"2020-09-04T15:36:07","modified_gmt":"2020-09-04T15:36:07","slug":"quem-somos","status":"publish","type":"page","link":"https:\/\/www.crobel.pt\/?page_id=3088","title":{"rendered":"Quem somos"},"content":{"rendered":"<p>[vc_row bg_type=&#8221;image&#8221; parallax_style=&#8221;vcpb-vz-jquery&#8221; bg_image_repeat=&#8221;no-repeat&#8221; bg_img_attach=&#8221;fixed&#8221; parallax_sense=&#8221;-45&#8243; bg_override=&#8221;full&#8221; bg_position_x=&#8221;center&#8221; bg_position_y=&#8221;top&#8221; bg_repeat=&#8221;no-repeat&#8221; bg_size=&#8221;cover&#8221; parallax_speed=&#8221;normal&#8221; css=&#8221;.vc_custom_1464864081620{padding-top: 400px !important;background-image: url(http:\/\/blendup.pt\/crobel\/wp-content\/uploads\/2013\/10\/equipa1.jpg?id=7107) !important;}&#8221;][vc_column][\/vc_column][\/vc_row][vc_row][vc_column width=&#8221;1\/4&#8243;][vc_empty_space height=&#8221;40&#8243;][vc_icon icon_fontawesome=&#8221;fa fa-check&#8221; color=&#8221;custom&#8221; align=&#8221;center&#8221; custom_color=&#8221;#0e2736&#8243;][vc_column_text]<\/p>\n<h4 style=\"text-align: center;\"><strong>Compet\u00eancia<\/strong><\/h4>\n<p>[\/vc_column_text][vc_empty_space height=&#8221;40&#8243;][\/vc_column][vc_column width=&#8221;1\/4&#8243;][vc_empty_space height=&#8221;40&#8243;][vc_icon icon_fontawesome=&#8221;fa fa-check&#8221; color=&#8221;custom&#8221; align=&#8221;center&#8221; custom_color=&#8221;#0e2736&#8243;][vc_column_text]<\/p>\n<h4 style=\"text-align: center;\"><strong>Responsabiliza\u00e7\u00e3o<\/strong><\/h4>\n<p>[\/vc_column_text][vc_empty_space height=&#8221;40&#8243;][\/vc_column][vc_column width=&#8221;1\/4&#8243;][vc_empty_space height=&#8221;40&#8243;][vc_icon icon_fontawesome=&#8221;fa fa-check&#8221; color=&#8221;custom&#8221; align=&#8221;center&#8221; custom_color=&#8221;#0e2736&#8243;][vc_column_text]<\/p>\n<h4 style=\"text-align: center;\"><strong>Qualidade<\/strong><\/h4>\n<p>[\/vc_column_text][vc_empty_space height=&#8221;40&#8243;][\/vc_column][vc_column width=&#8221;1\/4&#8243;][vc_empty_space height=&#8221;40&#8243;][vc_icon icon_fontawesome=&#8221;fa fa-check&#8221; color=&#8221;custom&#8221; align=&#8221;center&#8221; custom_color=&#8221;#0e2736&#8243;][vc_column_text]<\/p>\n<h4 style=\"text-align: center;\"><strong>Servi\u00e7o<\/strong><\/h4>\n<p>[\/vc_column_text][vc_empty_space height=&#8221;40&#8243;][\/vc_column][\/vc_row][vc_row bg_type=&#8221;image&#8221; parallax_style=&#8221;vcpb-default&#8221; bg_image_new=&#8221;7201|https:\/\/crobel.pt\/wp-content\/uploads\/2013\/10\/IMG_1408.jpg&#8221; bg_image_repeat=&#8221;no-repeat&#8221; bg_img_attach=&#8221;fixed&#8221; bg_override=&#8221;full&#8221; bg_position_x=&#8221;center&#8221; bg_position_y=&#8221;top&#8221; bg_repeat=&#8221;no-repeat&#8221; bg_size=&#8221;cover&#8221; parallax_speed=&#8221;normal&#8221; css=&#8221;.vc_custom_1510656806491{background-image: url(http:\/\/blendup.pt\/crobel\/wp-content\/uploads\/2013\/10\/mesa.jpg?id=6988) !important;}&#8221;][vc_column][vc_empty_space height=&#8221;500&#8243;][\/vc_column][\/vc_row][vc_row css=&#8221;.vc_custom_1462785293554{margin-bottom: 90px !important;}&#8221;][vc_column css=&#8221;.vc_custom_1462206090583{margin-top: 60px !important;}&#8221;][vc_column_text el_class=&#8221; margin-bottom_20px &#8221; el_bottom_margin=&#8221;margin-bottom_20px&#8221;]<\/p>\n<h5 style=\"text-align: left;\"><span class=\"uppercase wpb_heading\">Vis\u00e3o<\/span><\/h5>\n<p>[\/vc_column_text][vc_column_text el_class=&#8221; margin-right_60px m-margin-right_0px &#8221; el_right_margin=&#8221;margin-right_60px&#8221;]A <strong>Crobel<\/strong> \u00e9 uma empresa que se dedica desde a sua funda\u00e7\u00e3o, em Outubro de 2000, \u00e1 produ\u00e7\u00e3o de etiquetas, r\u00f3tulos auto adesivos e cartolinas, nos mais variados materiais, tais como: Pap\u00e9is t\u00e9rmicos, Papeis Couch\u00e9, Valleron, Polietileno, Polipropileno, Taivek, Poliyester, Cartolinas em rolo e Cartolinas em plano, para aplica\u00e7\u00f5es m\u00faltiplas nos variados sectores: Alimentar, Farmac\u00eautico, Qu\u00edmico, T\u00eaxtil, Log\u00edstico, Vin\u00edcola, Puericultura, Cer\u00e2mica, Cosm\u00e9tica.<\/p>\n<p>A <strong>Crobel<\/strong> tem desenvolvido a sua actividade baseando-se em mat\u00e9rias-primas de alta qualidade, na forma\u00e7\u00e3o do capital Humano e num servi\u00e7o que vai de encontro as novas exig\u00eancias do mercado, garantindo uma assist\u00eancia permanente aos nossos clientes, na escolha dos materiais mais adequados ao seu produto. A nossa metodologia e a sua aplica\u00e7\u00e3o imp\u00f5em um rigoroso controlo dos nossos sistemas de produ\u00e7\u00e3o, procurando rapidez e qualidade dos nossos servi\u00e7os.<\/p>\n<p>A <strong>Crobel<\/strong>, no sentido de satisfazer cada vez melhor as necessidades dos seus clientes, possui o seu Sistema de Gest\u00e3o da Qualidade Certificado pela APCER com o n\u00ba 2011\/CEP.4029. A nossa metodologia imp\u00f5e um rigoroso controlo, permitindo melhorar dia a dia o sistema de desenho, acabamento e log\u00edstica.<\/p>\n<p>Toda a nossa equipa est\u00e1 comprometida em servi-lo cada dia melhor, contamos convosco para aumentar a nossa lista de clientes.[\/vc_column_text][\/vc_column][\/vc_row][vc_row bg_type=&#8221;image&#8221; parallax_style=&#8221;vcpb-default&#8221; bg_image_repeat=&#8221;no-repeat&#8221; bg_img_attach=&#8221;fixed&#8221; bg_override=&#8221;full&#8221; bg_position_x=&#8221;center&#8221; bg_position_y=&#8221;top&#8221; bg_repeat=&#8221;no-repeat&#8221; bg_size=&#8221;cover&#8221; parallax_speed=&#8221;normal&#8221; css=&#8221;.vc_custom_1462785143409{background-image: url(http:\/\/blendup.pt\/crobel\/wp-content\/uploads\/2013\/10\/maxresdefault.jpg?id=7088) !important;}&#8221;][vc_column width=&#8221;1\/2&#8243;][\/vc_column][vc_column width=&#8221;1\/2&#8243; el_class=&#8221; margin-top_250px margin-bottom_250px &#8221; el_top_margin=&#8221;margin-top_250px&#8221; el_bottom_margin=&#8221;margin-bottom_250px&#8221;][\/vc_column][\/vc_row][vc_row css=&#8221;.vc_custom_1462267886399{padding-top: 60px !important;}&#8221;][vc_column][vc_column_text el_class=&#8221; margin-bottom_20px &#8221; el_bottom_margin=&#8221;margin-bottom_20px&#8221;]<\/p>\n<h5 style=\"text-align: left;\"><span class=\"uppercase wpb_heading\">Tecnologia<\/span><\/h5>\n<p>[\/vc_column_text][vc_column_text el_class=&#8221; margin-top_20px &#8221; el_top_margin=&#8221;margin-top_20px&#8221;]<br \/>\nO investimento continuo em pessoas, processo e tecnologia \u00e9 essencial para a garantia do desenvolvimento e competitividade da empresa. Ciente da import\u00e2ncia que a nossa capacidade produtiva representa para os nossos clientes, a <strong>Crobel<\/strong> disp\u00f5e de equipamentos de \u00faltima gera\u00e7\u00e3o que garantem lead time de produ\u00e7\u00e3o competitivos.[\/vc_column_text][\/vc_column][\/vc_row][vc_row][vc_column][vc_column_text]<\/p>\n<h5 style=\"text-align: left;\"><span class=\"uppercase wpb_heading\">Pol\u00edtica da Qualidade<\/span><\/h5>\n<p>[\/vc_column_text][vc_single_image image=&#8221;7434&#8243; img_size=&#8221;full&#8221; alignment=&#8221;center&#8221;][\/vc_column][\/vc_row][vc_row full_height=&#8221;yes&#8221; css=&#8221;.vc_custom_1464876041808{margin-top: 30px !important;margin-bottom: 30px !important;}&#8221;][vc_column][vc_separator][vc_cta_button call_text=&#8221;Gostaria de obter mais informa\u00e7\u00f5es sobre os nossos produtos?&#8221; call_text_secondary=&#8221;Saiba como o podemos ajudar.&#8221; title=&#8221;Contacte-nos&#8221; color=&#8221;wpb_button&#8221; href=&#8221;https:\/\/crobel.pt\/contactos\/&#8221;][\/vc_column][\/vc_row]<\/p>\n<div class=\"row\">\n<div class=\"large-12 columns after-content-output\">\n","protected":false},"excerpt":{"rendered":"<p>[vc_row bg_type=&#8221;image&#8221; parallax_style=&#8221;vcpb-vz-jquery&#8221; bg_image_repeat=&#8221;no-repeat&#8221; bg_img_attach=&#8221;fixed&#8221; parallax_sense=&#8221;-45&#8243; bg_override=&#8221;full&#8221; bg_position_x=&#8221;center&#8221; bg_position_y=&#8221;top&#8221; bg_repeat=&#8221;no-repeat&#8221; bg_size=&#8221;cover&#8221; parallax_speed=&#8221;normal&#8221; css=&#8221;.vc_custom_1464864081620{padding-top: 400px !important;background-image: url(http:\/\/blendup.pt\/crobel\/wp-content\/uploads\/2013\/10\/equipa1.jpg?id=7107) !important;}&#8221;][vc_column][\/vc_column][\/vc_row][vc_row][vc_column width=&#8221;1\/4&#8243;][vc_empty_space height=&#8221;40&#8243;][vc_icon icon_fontawesome=&#8221;fa fa-check&#8221; color=&#8221;custom&#8221; align=&#8221;center&#8221; custom_color=&#8221;#0e2736&#8243;][vc_column_text] Compet\u00eancia [\/vc_column_text][vc_empty_space height=&#8221;40&#8243;][\/vc_column][vc_column width=&#8221;1\/4&#8243;][vc_empty_space height=&#8221;40&#8243;][vc_icon icon_fontawesome=&#8221;fa fa-check&#8221; color=&#8221;custom&#8221; align=&#8221;center&#8221; custom_color=&#8221;#0e2736&#8243;][vc_column_text] Responsabiliza\u00e7\u00e3o [\/vc_column_text][vc_empty_space height=&#8221;40&#8243;][\/vc_column][vc_column width=&#8221;1\/4&#8243;][vc_empty_space height=&#8221;40&#8243;][vc_icon icon_fontawesome=&#8221;fa fa-check&#8221; color=&#8221;custom&#8221; align=&#8221;center&#8221; custom_color=&#8221;#0e2736&#8243;][vc_column_text] Qualidade [\/vc_column_text][vc_empty_space height=&#8221;40&#8243;][\/vc_column][vc_column width=&#8221;1\/4&#8243;][vc_empty_space height=&#8221;40&#8243;][vc_icon icon_fontawesome=&#8221;fa fa-check&#8221; color=&#8221;custom&#8221; align=&#8221;center&#8221; custom_color=&#8221;#0e2736&#8243;][vc_column_text] Servi\u00e7o [\/vc_column_text][vc_empty_space height=&#8221;40&#8243;][\/vc_column][\/vc_row][vc_row bg_type=&#8221;image&#8221; parallax_style=&#8221;vcpb-default&#8221; bg_image_new=&#8221;7201|https:\/\/crobel.pt\/wp-content\/uploads\/2013\/10\/IMG_1408.jpg&#8221; [&#8230;]<\/p>\n","protected":false},"author":6,"featured_media":0,"parent":0,"menu_order":0,"comment_status":"closed","ping_status":"open","template":"","meta":{"footnotes":""},"class_list":["post-3088","page","type-page","status-publish","hentry"],"_links":{"self":[{"href":"https:\/\/www.crobel.pt\/index.php?rest_route=\/wp\/v2\/pages\/3088"}],"collection":[{"href":"https:\/\/www.crobel.pt\/index.php?rest_route=\/wp\/v2\/pages"}],"about":[{"href":"https:\/\/www.crobel.pt\/index.php?rest_route=\/wp\/v2\/types\/page"}],"author":[{"embeddable":true,"href":"https:\/\/www.crobel.pt\/index.php?rest_route=\/wp\/v2\/users\/6"}],"replies":[{"embeddable":true,"href":"https:\/\/www.crobel.pt\/index.php?rest_route=%2Fwp%2Fv2%2Fcomments&post=3088"}],"version-history":[{"count":99,"href":"https:\/\/www.crobel.pt\/index.php?rest_route=\/wp\/v2\/pages\/3088\/revisions"}],"predecessor-version":[{"id":7625,"href":"https:\/\/www.crobel.pt\/index.php?rest_route=\/wp\/v2\/pages\/3088\/revisions\/7625"}],"wp:attachment":[{"href":"https:\/\/www.crobel.pt\/index.php?rest_route=%2Fwp%2Fv2%2Fmedia&parent=3088"}],"curies":[{"name":"wp","href":"https:\/\/api.w.org\/{rel}","templated":true}]}}