{"id":2402,"date":"2013-09-30T12:55:14","date_gmt":"2013-09-30T12:55:14","guid":{"rendered":"http:\/\/salbii.com\/?page_id=2402"},"modified":"2020-09-04T15:43:38","modified_gmt":"2020-09-04T15:43:38","slug":"home-page-v1","status":"publish","type":"page","link":"https:\/\/www.crobel.pt\/","title":{"rendered":"Home page"},"content":{"rendered":"<p>[vc_row full_width=&#8221;stretch_row&#8221;][vc_column][rev_slider_vc alias=&#8221;homepage&#8221;][\/vc_column][\/vc_row][vc_row expand=&#8221;expand&#8221; bg_color=&#8221;#f8f9fa&#8221; bg_position_x=&#8221;center&#8221; bg_position_y=&#8221;top&#8221; bg_repeat=&#8221;no-repeat&#8221; bg_size=&#8221;cover&#8221; el_class=&#8221; &#8220;][vc_column width=&#8221;1\/2&#8243; el_class=&#8221; m-margin-bottom_0px&#8221;][vc_icon type=&#8221;linecons&#8221; icon_linecons=&#8221;vc_li vc_li-tag&#8221; color=&#8221;custom&#8221; align=&#8221;center&#8221; custom_color=&#8221;#0e2736&#8243;][vc_column_text]<\/p>\n<h5 style=\"text-align: center;\"><span class=\"uppercase wpb_heading\">ETIQUETAS<\/span><\/h5>\n<p style=\"text-align: center;\">As etiquetas autocolantes s\u00e3o fabricadas recorrendo a uma tecnologia moderna e a uma cuidadosa selec\u00e7\u00e3o da mat\u00e9ria-prima.<\/p>\n<p>[\/vc_column_text][\/vc_column][vc_column width=&#8221;1\/2&#8243; el_class=&#8221; m-margin-top_0px&#8221;][vc_icon type=&#8221;linecons&#8221; icon_linecons=&#8221;vc_li vc_li-note&#8221; color=&#8221;custom&#8221; align=&#8221;center&#8221; custom_color=&#8221;#0e2736&#8243;][vc_column_text]<\/p>\n<h5 style=\"text-align: center;\"><span class=\"uppercase wpb_heading\">Rotulagem<\/span><\/h5>\n<p style=\"text-align: center;\">Fabrico e impress\u00e3o de r\u00f3tulos personalizados para colar em embalagens de produtos, com o log\u00f3tipo e design da sua marca.<\/p>\n<p>[\/vc_column_text][\/vc_column][\/vc_row][vc_row expand=&#8221;expand&#8221; bg_position_x=&#8221;center&#8221; bg_position_y=&#8221;top&#8221; bg_repeat=&#8221;no-repeat&#8221; bg_size=&#8221;cover&#8221; el_class=&#8221; margin-top_0px margin-bottom_30px &#8221; el_top_margin=&#8221;margin-top_0px&#8221; image=&#8221;2543&#8243; bg_opacity=&#8221;.2&#8243; parallax_speed=&#8221;normal&#8221; el_bottom_margin=&#8221;margin-bottom_30px&#8221; css=&#8221;.vc_custom_1599232705008{background-color: #4a5862 !important;}&#8221;][vc_column width=&#8221;1\/4&#8243;][vc_icon type=&#8221;linecons&#8221; icon_linecons=&#8221;vc_li vc_li-user&#8221; color=&#8221;custom&#8221; size=&#8221;xl&#8221; align=&#8221;center&#8221; custom_color=&#8221;#354453&#8243;][vc_column_text]<\/p>\n<h2 style=\"text-align: center;\"><strong><span style=\"color: #999999;\">40 <\/span><\/strong><\/h2>\n<p style=\"text-align: center;\"><span style=\"color: #999999;\">Funcion\u00e1rios<\/span><\/p>\n<p>[\/vc_column_text][\/vc_column][vc_column width=&#8221;1\/4&#8243;][vc_icon type=&#8221;linecons&#8221; icon_linecons=&#8221;vc_li vc_li-like&#8221; color=&#8221;custom&#8221; size=&#8221;xl&#8221; align=&#8221;center&#8221; custom_color=&#8221;#354453&#8243;][vc_column_text]<\/p>\n<h2 style=\"text-align: center;\"><strong><span style=\"color: #999999;\">887<\/span><\/strong><\/h2>\n<p style=\"text-align: center;\"><span style=\"color: #999999;\">Clientes<\/span><\/p>\n<p>[\/vc_column_text][\/vc_column][vc_column width=&#8221;1\/4&#8243;][vc_icon type=&#8221;linecons&#8221; icon_linecons=&#8221;vc_li vc_li-photo&#8221; color=&#8221;custom&#8221; size=&#8221;xl&#8221; align=&#8221;center&#8221; custom_color=&#8221;#354453&#8243;][vc_column_text]<\/p>\n<h2 style=\"text-align: center;\"><strong><span style=\"color: #999999;\">1300 milh\u00f5es<\/span><\/strong><\/h2>\n<p style=\"text-align: center;\"><span style=\"color: #999999;\">Etiquetas<\/span><\/p>\n<p>[\/vc_column_text][\/vc_column][vc_column width=&#8221;1\/4&#8243;][vc_icon type=&#8221;linecons&#8221; icon_linecons=&#8221;vc_li vc_li-clock&#8221; color=&#8221;custom&#8221; size=&#8221;xl&#8221; align=&#8221;center&#8221; custom_color=&#8221;#354453&#8243;][vc_column_text]<\/p>\n<h2 style=\"text-align: center;\"><strong><span style=\"color: #999999;\">2000<\/span><\/strong><\/h2>\n<p style=\"text-align: center;\"><span style=\"color: #999999;\">Ano de Funda\u00e7\u00e3o<\/span><\/p>\n<p>[\/vc_column_text][\/vc_column][\/vc_row][vc_row equal_height=&#8221;yes&#8221; content_placement=&#8221;middle&#8221;][vc_column width=&#8221;1\/2&#8243;][vc_empty_space height=&#8221;45px&#8221;][vc_column_text]<\/p>\n<h5><span class=\"uppercase wpb_heading\">Inova\u00e7\u00e3o Tecnol\u00f3gica<\/span><\/h5>\n<p>[\/vc_column_text][vc_column_text]O investimento continuo em pessoas, processo e tecnologia \u00e9 essencial para a garantia do desenvolvimento e competitividade da empresa. Ciente da import\u00e2ncia que a nossa capacidade produtiva representa para os nossos clientes, a Crobel disp\u00f5e de equipamentos de \u00faltima gera\u00e7\u00e3o que garatem lead time de produ\u00e7\u00e3o competitivos.[\/vc_column_text][\/vc_column][vc_column width=&#8221;1\/2&#8243;][vc_single_image image=&#8221;7311&#8243; img_size=&#8221;full&#8221; alignment=&#8221;center&#8221;][\/vc_column][\/vc_row][vc_row expand=&#8221;expand&#8221; bg_type=&#8221;bg_color&#8221; bg_position_x=&#8221;center&#8221; bg_position_y=&#8221;bottom&#8221; bg_repeat=&#8221;no-repeat&#8221; bg_size=&#8221;100%&#8221; image=&#8221;2455&#8243; bg_opacity=&#8221;.4&#8243; bg_effect=&#8221;fixed&#8221; el_styling=&#8221;softshadow-inner&#8221; el_class=&#8221; margin-bottom_30px &#8221; el_bottom_margin=&#8221;margin-bottom_30px&#8221; bg_color_value=&#8221;#0e2736&#8243;][vc_column el_class=&#8221; margin-top_0px margin-bottom_5px &#8221; el_top_margin=&#8221;margin-top_0px&#8221; el_bottom_margin=&#8221;margin-bottom_5px&#8221;][\/vc_column][\/vc_row][vc_row][vc_column][vc_empty_space height=&#8221;45px&#8221;][vc_column_text]<\/p>\n<h5><span class=\"uppercase wpb_heading\">Principais Parceiros<\/span><\/h5>\n<p>[\/vc_column_text][vc_images_carousel images=&#8221;7290,7286,7281,7293,7294,7295,7296,7297,7298,7299,7300,7301,7302&#8243; img_size=&#8221;full&#8221; onclick=&#8221;link_no&#8221; speed=&#8221;1500&#8243; slides_per_view=&#8221;4&#8243; autoplay=&#8221;yes&#8221; hide_pagination_control=&#8221;yes&#8221; hide_prev_next_buttons=&#8221;yes&#8221; wrap=&#8221;yes&#8221;][\/vc_column][\/vc_row]<\/p>\n<div class=\"row\">\n<div class=\"large-12 columns after-content-output\">\n","protected":false},"excerpt":{"rendered":"<p>[vc_row full_width=&#8221;stretch_row&#8221;][vc_column][rev_slider_vc alias=&#8221;homepage&#8221;][\/vc_column][\/vc_row][vc_row expand=&#8221;expand&#8221; bg_color=&#8221;#f8f9fa&#8221; bg_position_x=&#8221;center&#8221; bg_position_y=&#8221;top&#8221; bg_repeat=&#8221;no-repeat&#8221; bg_size=&#8221;cover&#8221; el_class=&#8221; &#8220;][vc_column width=&#8221;1\/2&#8243; el_class=&#8221; m-margin-bottom_0px&#8221;][vc_icon type=&#8221;linecons&#8221; icon_linecons=&#8221;vc_li vc_li-tag&#8221; color=&#8221;custom&#8221; align=&#8221;center&#8221; custom_color=&#8221;#0e2736&#8243;][vc_column_text] ETIQUETAS As etiquetas autocolantes s\u00e3o fabricadas recorrendo a uma tecnologia moderna e a uma cuidadosa selec\u00e7\u00e3o da mat\u00e9ria-prima. [\/vc_column_text][\/vc_column][vc_column width=&#8221;1\/2&#8243; el_class=&#8221; m-margin-top_0px&#8221;][vc_icon type=&#8221;linecons&#8221; icon_linecons=&#8221;vc_li vc_li-note&#8221; color=&#8221;custom&#8221; align=&#8221;center&#8221; custom_color=&#8221;#0e2736&#8243;][vc_column_text] Rotulagem Fabrico e impress\u00e3o de r\u00f3tulos personalizados para colar em embalagens de [&#8230;]<\/p>\n","protected":false},"author":6,"featured_media":0,"parent":0,"menu_order":0,"comment_status":"closed","ping_status":"closed","template":"","meta":{"footnotes":""},"class_list":["post-2402","page","type-page","status-publish","hentry"],"_links":{"self":[{"href":"https:\/\/www.crobel.pt\/index.php?rest_route=\/wp\/v2\/pages\/2402"}],"collection":[{"href":"https:\/\/www.crobel.pt\/index.php?rest_route=\/wp\/v2\/pages"}],"about":[{"href":"https:\/\/www.crobel.pt\/index.php?rest_route=\/wp\/v2\/types\/page"}],"author":[{"embeddable":true,"href":"https:\/\/www.crobel.pt\/index.php?rest_route=\/wp\/v2\/users\/6"}],"replies":[{"embeddable":true,"href":"https:\/\/www.crobel.pt\/index.php?rest_route=%2Fwp%2Fv2%2Fcomments&post=2402"}],"version-history":[{"count":117,"href":"https:\/\/www.crobel.pt\/index.php?rest_route=\/wp\/v2\/pages\/2402\/revisions"}],"predecessor-version":[{"id":7627,"href":"https:\/\/www.crobel.pt\/index.php?rest_route=\/wp\/v2\/pages\/2402\/revisions\/7627"}],"wp:attachment":[{"href":"https:\/\/www.crobel.pt\/index.php?rest_route=%2Fwp%2Fv2%2Fmedia&parent=2402"}],"curies":[{"name":"wp","href":"https:\/\/api.w.org\/{rel}","templated":true}]}}